{"id":974,"date":"2025-09-20T04:48:08","date_gmt":"2025-09-20T02:48:08","guid":{"rendered":"https:\/\/punatri.com\/?page_id=974"},"modified":"2025-09-20T04:50:33","modified_gmt":"2025-09-20T02:50:33","slug":"olympians-swimrun-punaauia-16-nov-2025","status":"publish","type":"page","link":"https:\/\/punatri.com\/index.php\/olympians-swimrun-punaauia-16-nov-2025\/","title":{"rendered":""},"content":{"rendered":"\n<figure class=\"wp-block-image size-full\"><img loading=\"lazy\" decoding=\"async\" width=\"1022\" height=\"473\" src=\"http:\/\/punatri.com\/wp-content\/uploads\/2025\/09\/AfficheFB.jpg\" alt=\"\" class=\"wp-image-967\" srcset=\"https:\/\/punatri.com\/wp-content\/uploads\/2025\/09\/AfficheFB.jpg 1022w, https:\/\/punatri.com\/wp-content\/uploads\/2025\/09\/AfficheFB-300x139.jpg 300w, https:\/\/punatri.com\/wp-content\/uploads\/2025\/09\/AfficheFB-768x355.jpg 768w\" sizes=\"auto, (max-width: 1022px) 100vw, 1022px\" \/><\/figure>\n\n\n\n<p><img loading=\"lazy\" decoding=\"async\" height=\"16\" width=\"16\" src=\"https:\/\/static.xx.fbcdn.net\/images\/emoji.php\/v9\/tbc\/1\/16\/1f30a.png\" alt=\"\ud83c\udf0a\"><img loading=\"lazy\" decoding=\"async\" height=\"16\" width=\"16\" src=\"https:\/\/static.xx.fbcdn.net\/images\/emoji.php\/v9\/tab\/1\/16\/1f3c3_200d_2642.png\" alt=\"\ud83c\udfc3\u200d\u2642\ufe0f\"> \ud835\udde2\ud835\ude02\ud835\ude03\ud835\uddf2\ud835\uddff\ud835\ude01\ud835\ude02\ud835\uddff\ud835\uddf2 \ud835\uddf1\ud835\uddf2\ud835\ude00 \ud835\uddf6\ud835\uddfb\ud835\ude00\ud835\uddf0\ud835\uddff\ud835\uddf6\ud835\uddfd\ud835\ude01\ud835\uddf6\ud835\uddfc\ud835\uddfb\ud835\ude00 \ud835\uddf1\ud835\ude02 \ud835\udde6\ud835\udde5 \ud835\uddf1\ud835\uddf2 \ud835\udde3\ud835\ude02\ud835\uddfb\ud835\uddee\ud835\uddee\ud835\ude02\ud835\uddf6\ud835\uddee ! <img loading=\"lazy\" decoding=\"async\" height=\"16\" width=\"16\" src=\"https:\/\/static.xx.fbcdn.net\/images\/emoji.php\/v9\/ta9\/1\/16\/1f3c3_200d_2640.png\" alt=\"\ud83c\udfc3\u200d\u2640\ufe0f\"><img loading=\"lazy\" decoding=\"async\" height=\"16\" width=\"16\" src=\"https:\/\/static.xx.fbcdn.net\/images\/emoji.php\/v9\/tbc\/1\/16\/1f30a.png\" alt=\"\ud83c\udf0a\"><\/p>\n\n\n\n<p>Le 16 novembre, rendez-vous \u00e0 Punaauia pour <a><\/a>une belle journ\u00e9e sportive , accessible \u00e0 tous : adultes, jeunes et enfants ! <img loading=\"lazy\" decoding=\"async\" height=\"16\" width=\"16\" alt=\"\ud83c\udf89\" src=\"https:\/\/static.xx.fbcdn.net\/images\/emoji.php\/v9\/t8c\/1\/16\/1f389.png\"><\/p>\n\n\n\n<p><img loading=\"lazy\" decoding=\"async\" height=\"16\" width=\"16\" alt=\"\ud83d\udc49\" src=\"https:\/\/static.xx.fbcdn.net\/images\/emoji.php\/v9\/t51\/1\/16\/1f449.png\"> Pr\u00eat \u00e0 relever le nouveau d\u00e9fi du SR de Punaauia ?<\/p>\n\n\n\n<p>Choisis ta course et lance-toi :<\/p>\n\n\n\n<p>\u2022 <img loading=\"lazy\" decoding=\"async\" height=\"16\" width=\"16\" alt=\"\ud83d\udca5\" src=\"https:\/\/static.xx.fbcdn.net\/images\/emoji.php\/v9\/t40\/1\/16\/1f4a5.png\"> \ud835\udde2\ud835\uddf9\ud835\ude06\ud835\uddfa\ud835\uddfd\ud835\uddf6\ud835\uddee\ud835\uddfb\ud835\ude00 \ud835\udde6\ud835\ude04\ud835\uddf6\ud835\uddfa \ud835\udde5\ud835\ude02\ud835\uddfb \u2013 Format M pour les plus aguerris<\/p>\n\n\n\n<p>\u2022 <img loading=\"lazy\" decoding=\"async\" height=\"16\" width=\"16\" alt=\"\ud83c\udd95\" src=\"https:\/\/static.xx.fbcdn.net\/images\/emoji.php\/v9\/ta5\/1\/16\/1f195.png\"> \ud835\udde6\ud835\ude04\ud835\uddf6\ud835\uddfa \ud835\udde5\ud835\ude02\ud835\uddfb \u2013 Format XS d\u00e9couverte. \ud835\ude08\ud835\ude24\ud835\ude24\ud835\ude26\ud835\ude34\ud835\ude34\ud835\ude2a\ud835\ude23\ud835\ude2d\ud835\ude26 \ud835\ude25\ud835\ude26\u0300\ud835\ude34 \ud835\udfe3\ud835\udfe4 \ud835\ude22\ud835\ude2f\ud835\ude34 *<\/p>\n\n\n\n<p>\u2022 <img loading=\"lazy\" decoding=\"async\" height=\"16\" width=\"16\" alt=\"\ud83c\udf1f\" src=\"https:\/\/static.xx.fbcdn.net\/images\/emoji.php\/v9\/te0\/1\/16\/1f31f.png\"> \ud835\uddd4\ud835\uddfe\ud835\ude02\ud835\uddee\ud835\ude01\ud835\uddf5\ud835\uddf9\ud835\uddfc\ud835\uddfb\ud835\ude00 \ud835\uddf2\ud835\uddfb\ud835\uddf3\ud835\uddee\ud835\uddfb\ud835\ude01\ud835\ude00 \u2013 6\/8 ans et 9\/11 ans<\/p>\n\n\n\n<p><img loading=\"lazy\" decoding=\"async\" height=\"16\" width=\"16\" alt=\"\ud83d\udd36\" src=\"https:\/\/static.xx.fbcdn.net\/images\/emoji.php\/v9\/t70\/1\/16\/1f536.png\"> Attention : ne tarde pas pour t\u2019inscrire\u2026 les places sont limit\u00e9es pour chacune des courses !<\/p>\n\n\n\n<p>Que tu sois comp\u00e9titeur dans l\u2019\u00e2me ou simplement en qu\u00eate d\u2019une belle exp\u00e9rience sportive, viens vivre l\u2019aventure SR \u00e0 Punaauia. <img loading=\"lazy\" decoding=\"async\" height=\"16\" width=\"16\" alt=\"\ud83c\udf3a\" src=\"https:\/\/static.xx.fbcdn.net\/images\/emoji.php\/v9\/t99\/1\/16\/1f33a.png\"><\/p>\n\n\n\n<p><img loading=\"lazy\" decoding=\"async\" height=\"16\" width=\"16\" alt=\"\ud83c\udf9f\" src=\"https:\/\/static.xx.fbcdn.net\/images\/emoji.php\/v9\/td8\/1\/16\/1f39f.png\"> \ud835\udddf\ud835\uddf2\ud835\ude00 \ud835\uddf6\ud835\uddfb\ud835\ude00\ud835\uddf0\ud835\uddff\ud835\uddf6\ud835\uddfd\ud835\ude01\ud835\uddf6\ud835\uddfc\ud835\uddfb\ud835\ude00 \ud835\ude00\ud835\uddf2 \ud835\uddf3\ud835\uddfc\ud835\uddfb\ud835\ude01 \ud835\ude00\ud835\ude02\ud835\uddff \ud835\uddf9\ud835\uddf2 \ud835\ude00\ud835\uddf6\ud835\ude01\ud835\uddf2 \ud835\uddd9\ud835\uddf2\ud835\uddfb\ud835\ude02\ud835\uddee \ud835\udde0\ud835\uddfc\ud835\uddfc\ud835\ude03\ud835\uddf2 <img loading=\"lazy\" decoding=\"async\" height=\"16\" width=\"16\" alt=\"\u2b07\ufe0f\" src=\"https:\/\/static.xx.fbcdn.net\/images\/emoji.php\/v9\/t20\/1\/16\/2b07.png\"><\/p>\n\n\n\n<p>\ud835\udc49\ud835\udc5c\ud835\udc62\ud835\udc60 \ud835\udc66 \ud835\udc61\ud835\udc5f\ud835\udc5c\ud835\udc62\ud835\udc63\ud835\udc52\ud835\udc5f\ud835\udc52\ud835\udc67 \ud835\udc52\u0301\ud835\udc54\ud835\udc4e\ud835\udc59\ud835\udc52\ud835\udc5a\ud835\udc52\ud835\udc5b\ud835\udc61 \ud835\udc59\ud835\udc52 \ud835\udc5f\ud835\udc52\u0301\ud835\udc54\ud835\udc59\ud835\udc52\ud835\udc5a\ud835\udc52\ud835\udc5b\ud835\udc61 \ud835\udc51\ud835\udc52 \ud835\udc50\ud835\udc5c\ud835\udc62\ud835\udc5f\ud835\udc60\ud835\udc52<\/p>\n\n\n\n<p><a href=\"https:\/\/www.fenuamoove.com\/...\/olympians-swimrun-de...\">https:\/\/www.fenuamoove.com\/&#8230;\/olympians-swimrun-de&#8230;<\/a><\/p>\n\n\n\n<p>R\u00e8glement de la course : <\/p>\n\n\n\n<div data-wp-interactive=\"core\/file\" class=\"wp-block-file\"><object data-wp-bind--hidden=\"!state.hasPdfPreview\" hidden class=\"wp-block-file__embed\" data=\"https:\/\/punatri.com\/wp-content\/uploads\/2025\/09\/ReglementOlympiansSwimrunPunaauia2025-1.pdf\" type=\"application\/pdf\" style=\"width:100%;height:600px\" aria-label=\"Contenu embarqu\u00e9 R\u00e8glementOlympiansSwimrunPunaauia2025 (1).\"><\/object><a id=\"wp-block-file--media-6f3e261f-8ad2-4fe8-9573-23f63744a4a6\" href=\"https:\/\/punatri.com\/wp-content\/uploads\/2025\/09\/ReglementOlympiansSwimrunPunaauia2025-1.pdf\">R\u00e8glementOlympiansSwimrunPunaauia2025 (1)<\/a><a href=\"https:\/\/punatri.com\/wp-content\/uploads\/2025\/09\/ReglementOlympiansSwimrunPunaauia2025-1.pdf\" class=\"wp-block-file__button wp-element-button\" download aria-describedby=\"wp-block-file--media-6f3e261f-8ad2-4fe8-9573-23f63744a4a6\">T\u00e9l\u00e9charger<\/a><\/div>\n\n\n\n<p><img loading=\"lazy\" decoding=\"async\" height=\"16\" width=\"16\" alt=\"\ud83e\udd29\" src=\"https:\/\/static.xx.fbcdn.net\/images\/emoji.php\/v9\/t58\/1\/16\/1f929.png\">Merci \u00e0 nos partenaires qui participent \u00e0 la r\u00e9ussite de cet \u00e9v\u00e9nement<\/p>\n\n\n\n<p><\/p>\n\n\n\n<p><\/p>\n\n\n\n<p><\/p>\n","protected":false},"excerpt":{"rendered":"<p>\ud835\udde2\ud835\ude02\ud835\ude03\ud835\uddf2\ud835\uddff\ud835\ude01\ud835\ude02\ud835\uddff\ud835\uddf2 \ud835\uddf1\ud835\uddf2\ud835\ude00 \ud835\uddf6\ud835\uddfb\ud835\ude00\ud835\uddf0\ud835\uddff\ud835\uddf6\ud835\uddfd\ud835\ude01\ud835\uddf6\ud835\uddfc\ud835\uddfb\ud835\ude00 \ud835\uddf1\ud835\ude02 \ud835\udde6\ud835\udde5 \ud835\uddf1\ud835\uddf2 \ud835\udde3\ud835\ude02\ud835\uddfb\ud835\uddee\ud835\uddee\ud835\ude02\ud835\uddf6\ud835\uddee ! Le 16 novembre, rendez-vous \u00e0 Punaauia pour une belle journ\u00e9e sportive , accessible \u00e0 tous : adultes, jeunes et enfants ! Pr\u00eat \u00e0 relever le nouveau d\u00e9fi du SR de Punaauia ? Choisis ta course et lance-toi : \u2022 \ud835\udde2\ud835\uddf9\ud835\ude06\ud835\uddfa\ud835\uddfd\ud835\uddf6\ud835\uddee\ud835\uddfb\ud835\ude00 \ud835\udde6\ud835\ude04\ud835\uddf6\ud835\uddfa \ud835\udde5\ud835\ude02\ud835\uddfb \u2013 Format M pour les [&hellip;]<\/p>\n","protected":false},"author":1,"featured_media":0,"parent":0,"menu_order":0,"comment_status":"closed","ping_status":"closed","template":"","meta":{"footnotes":""},"class_list":["post-974","page","type-page","status-publish","hentry"],"_links":{"self":[{"href":"https:\/\/punatri.com\/index.php\/wp-json\/wp\/v2\/pages\/974","targetHints":{"allow":["GET"]}}],"collection":[{"href":"https:\/\/punatri.com\/index.php\/wp-json\/wp\/v2\/pages"}],"about":[{"href":"https:\/\/punatri.com\/index.php\/wp-json\/wp\/v2\/types\/page"}],"author":[{"embeddable":true,"href":"https:\/\/punatri.com\/index.php\/wp-json\/wp\/v2\/users\/1"}],"replies":[{"embeddable":true,"href":"https:\/\/punatri.com\/index.php\/wp-json\/wp\/v2\/comments?post=974"}],"version-history":[{"count":2,"href":"https:\/\/punatri.com\/index.php\/wp-json\/wp\/v2\/pages\/974\/revisions"}],"predecessor-version":[{"id":976,"href":"https:\/\/punatri.com\/index.php\/wp-json\/wp\/v2\/pages\/974\/revisions\/976"}],"wp:attachment":[{"href":"https:\/\/punatri.com\/index.php\/wp-json\/wp\/v2\/media?parent=974"}],"curies":[{"name":"wp","href":"https:\/\/api.w.org\/{rel}","templated":true}]}}