{"id":827,"date":"2025-05-03T18:11:50","date_gmt":"2025-05-03T16:11:50","guid":{"rendered":"https:\/\/punatri.com\/?page_id=827"},"modified":"2025-05-10T03:50:30","modified_gmt":"2025-05-10T01:50:30","slug":"championnat-aquathlon-11-mai-2025-vairai","status":"publish","type":"page","link":"https:\/\/punatri.com\/index.php\/championnat-aquathlon-11-mai-2025-vairai\/","title":{"rendered":"Championnat AQUATHLON 11 mai 2025 \u2013 Vairai"},"content":{"rendered":"\n<p>Plusieurs format de course ouvert au licenci\u00e9s et non licenci\u00e9s, aux adultes et aux enfants<\/p>\n\n\n\n<p>Format XS ouvert \u00e0 partir de 12 ans <\/p>\n\n\n\n<div class=\"wp-block-buttons is-layout-flex wp-block-buttons-is-layout-flex\">\n<div class=\"wp-block-button\"><a class=\"wp-block-button__link has-white-color has-luminous-vivid-orange-background-color has-text-color has-background has-link-color wp-element-button\" href=\"https:\/\/www.njuko.net\/championnat-aquathlon-2025\/select_competition?fbclid=IwY2xjawKDGH5leHRuA2FlbQIxMABicmlkETF6S0FjZFF0MGVlWFQ1UDY4AR5emRrAAY4eXWS-Nj8_0pi-Brp0ws43y19eJEMvqDicakTi4S3tFCxssMyaxg_aem_1sgzomv54sMnTGip_HU8uQ\">INSCRIPTION<\/a><\/div>\n\n\n\n<div class=\"wp-block-button\"><a class=\"wp-block-button__link has-white-color has-luminous-vivid-orange-background-color has-text-color has-background has-link-color wp-element-button\" href=\"https:\/\/l.facebook.com\/l.php?u=https%3A%2F%2Fwww.tahititriathlon.pf%2Fwp-content%2Fuploads%2F2025%2F03%2FReglement-aquathlon.pdf%3Fx47992%26fbclid%3DIwZXh0bgNhZW0CMTAAYnJpZBExektBY2RRdDBlZVhUNVA2OAEenPCJO531KD3ggKK0vPx6F7pHcgAh0QB8aDCCbKH5brkaOnZMKNAjuOugbk8_aem_CbTQmrl1QjQUdZfBjBWMVw&amp;h=AT2hilQjoC-G1MaVsZOhbP9EzA7a4wfzmnIaKPB4U7yzaYsNXwo8Xa0zN1F1YDTAR5QOwwqHgcHK9X4jOKfjTbZ68LdzLtVBLpQIS6kYlqgHJTPfJxMxnD8QcjVxPm0gLmsU96A90bV1s9U&amp;__tn__=-UK-y-R&amp;c[0]=AT0iB1NniNCrVZq-iEO8ItofFzNVJ5aqpXDnv3ZzIcY5oq1w_8sEbOYhdOeV0gFNDpmaW5TgRgEQnZamWqDyhsVOe-Nb-x3G5Xv6Lx0my2AKNYFHih7uHJLEadA4_qkOqlKvvbdElyLI6wsvUnAKy4o_snevPr2nSfdcRk3tHZWx2Lxjn1pTouvaXOgqt_qe11CsBLMNrIJ-o40ohXCtnU1d1BNP1lzfoNf3cQwMlLnT5jed_e-d\">REGLEMENT<\/a><\/div>\n\n\n\n<div class=\"wp-block-button\"><a class=\"wp-block-button__link has-white-color has-luminous-vivid-orange-background-color has-text-color has-background has-link-color wp-element-button\" href=\"https:\/\/www.facebook.com\/punatriathlon\/\">JOUER SUR FB<\/a><\/div>\n<\/div>\n\n\n\n<p>L\u2019Aquathlon consiste \u00e0 r\u00e9aliser, seul ou en \u00e9quipe, un parcours encha\u00eenant natation et course \u00e0 pied. Sans mat\u00e9riel que vos mains et vos baskets.<\/p>\n\n\n\n<p>L\u2019encha\u00eenement s\u2019effectue sans aide ext\u00e9rieure et sans arr\u00eat du chronom\u00e8tre lors du changement de discipline (transition).<\/p>\n\n\n\n<figure class=\"wp-block-image size-full\"><img loading=\"lazy\" decoding=\"async\" width=\"637\" height=\"290\" src=\"https:\/\/punatri.com\/wp-content\/uploads\/2025\/05\/ProgrameAquathlon11mai2025.jpg\" alt=\"\" class=\"wp-image-833\" srcset=\"https:\/\/punatri.com\/wp-content\/uploads\/2025\/05\/ProgrameAquathlon11mai2025.jpg 637w, https:\/\/punatri.com\/wp-content\/uploads\/2025\/05\/ProgrameAquathlon11mai2025-300x137.jpg 300w\" sizes=\"auto, (max-width: 637px) 100vw, 637px\" \/><\/figure>\n\n\n\n<figure class=\"wp-block-image size-full\"><img loading=\"lazy\" decoding=\"async\" width=\"1080\" height=\"1080\" src=\"https:\/\/punatri.com\/wp-content\/uploads\/2025\/05\/PubliAquathlonSitepUNATRI.png\" alt=\"\" class=\"wp-image-828\" srcset=\"https:\/\/punatri.com\/wp-content\/uploads\/2025\/05\/PubliAquathlonSitepUNATRI.png 1080w, https:\/\/punatri.com\/wp-content\/uploads\/2025\/05\/PubliAquathlonSitepUNATRI-300x300.png 300w, https:\/\/punatri.com\/wp-content\/uploads\/2025\/05\/PubliAquathlonSitepUNATRI-1024x1024.png 1024w, https:\/\/punatri.com\/wp-content\/uploads\/2025\/05\/PubliAquathlonSitepUNATRI-150x150.png 150w, https:\/\/punatri.com\/wp-content\/uploads\/2025\/05\/PubliAquathlonSitepUNATRI-768x768.png 768w\" sizes=\"auto, (max-width: 1080px) 100vw, 1080px\" \/><\/figure>\n\n\n\n<p><\/p>\n","protected":false},"excerpt":{"rendered":"<p>Plusieurs format de course ouvert au licenci\u00e9s et non licenci\u00e9s, aux adultes et aux enfants Format XS ouvert \u00e0 partir de 12 ans L\u2019Aquathlon consiste \u00e0 r\u00e9aliser, seul ou en \u00e9quipe, un parcours encha\u00eenant natation et course \u00e0 pied. Sans mat\u00e9riel que vos mains et vos baskets. L\u2019encha\u00eenement s\u2019effectue sans aide ext\u00e9rieure et sans arr\u00eat [&hellip;]<\/p>\n","protected":false},"author":1,"featured_media":0,"parent":0,"menu_order":0,"comment_status":"closed","ping_status":"closed","template":"","meta":{"footnotes":""},"class_list":["post-827","page","type-page","status-publish","hentry"],"_links":{"self":[{"href":"https:\/\/punatri.com\/index.php\/wp-json\/wp\/v2\/pages\/827","targetHints":{"allow":["GET"]}}],"collection":[{"href":"https:\/\/punatri.com\/index.php\/wp-json\/wp\/v2\/pages"}],"about":[{"href":"https:\/\/punatri.com\/index.php\/wp-json\/wp\/v2\/types\/page"}],"author":[{"embeddable":true,"href":"https:\/\/punatri.com\/index.php\/wp-json\/wp\/v2\/users\/1"}],"replies":[{"embeddable":true,"href":"https:\/\/punatri.com\/index.php\/wp-json\/wp\/v2\/comments?post=827"}],"version-history":[{"count":4,"href":"https:\/\/punatri.com\/index.php\/wp-json\/wp\/v2\/pages\/827\/revisions"}],"predecessor-version":[{"id":834,"href":"https:\/\/punatri.com\/index.php\/wp-json\/wp\/v2\/pages\/827\/revisions\/834"}],"wp:attachment":[{"href":"https:\/\/punatri.com\/index.php\/wp-json\/wp\/v2\/media?parent=827"}],"curies":[{"name":"wp","href":"https:\/\/api.w.org\/{rel}","templated":true}]}}