{"id":682,"date":"2024-03-20T06:36:04","date_gmt":"2024-03-20T05:36:04","guid":{"rendered":"http:\/\/punatri.com\/?page_id=682"},"modified":"2024-06-12T00:11:28","modified_gmt":"2024-06-11T22:11:28","slug":"vodafone-swim-and-run-2024-de-punaauia","status":"publish","type":"page","link":"https:\/\/punatri.com\/index.php\/vodafone-swim-and-run-2024-de-punaauia\/","title":{"rendered":"Vodafone Swim and Run 2024 de Punaauia"},"content":{"rendered":"\n<figure class=\"wp-block-image\"><img loading=\"lazy\" decoding=\"async\" width=\"724\" height=\"1024\" src=\"https:\/\/punatri.com\/wp-content\/uploads\/2024\/03\/AFFICHE-1-724x1024.jpg\" alt=\"\" class=\"wp-image-687\" srcset=\"https:\/\/punatri.com\/wp-content\/uploads\/2024\/03\/AFFICHE-1-724x1024.jpg 724w, https:\/\/punatri.com\/wp-content\/uploads\/2024\/03\/AFFICHE-1-212x300.jpg 212w, https:\/\/punatri.com\/wp-content\/uploads\/2024\/03\/AFFICHE-1-768x1086.jpg 768w\" sizes=\"auto, (max-width: 724px) 100vw, 724px\" \/><\/figure>\n\n\n\n<p> INSCRIPTION : le 29 mars 2024 \u00e0 sur njuko et Olympians Fare Ute<br><a href=\"https:\/\/www.njuko.net\/voda-sr2024-de-punaauia\" target=\"_blank\" rel=\"noreferrer noopener\" aria-label=\"https:\/\/www.njuko.net\/voda-sr2024-de-punaauia (s\u2019ouvre dans un nouvel onglet)\">https:\/\/www.njuko.net\/voda-sr2024-de-punaauia<\/a><\/p>\n\n\n\n<p> R\u00e8glement de course mis \u00e0 jour le 31 mai 2024 : <\/p>\n\n\n\n<div class=\"wp-block-file\"><a href=\"http:\/\/punatri.com\/wp-content\/uploads\/2024\/06\/R\u00e8glement_240531_VODAFONE-SWIMRUN-race-2024.pdf\">R\u00e8glement_240531_VODAFONE SWIMRUN race 2024<\/a><a href=\"http:\/\/punatri.com\/wp-content\/uploads\/2024\/06\/R\u00e8glement_240531_VODAFONE-SWIMRUN-race-2024.pdf\" class=\"wp-block-file__button\" download>T\u00e9l\u00e9charger<\/a><\/div>\n\n\n\n<p> Pour les NON LICENCIES Triathlon :<\/p>\n\n\n\n<p>Un certificat m\u00e9dical  attestant l\u2019absence de contre-indication \u00e0 la pratique des activit\u00e9s  physiques et sportives. La dur\u00e9e de validit\u00e9 du certificat est de 3 ans \u00e0  compter de la date o\u00f9 il a \u00e9t\u00e9 \u00e9tabli&nbsp; pour les personnes de moins de 50 ans et de 1 an pour les personnes de plus de 50 ans. <\/p>\n\n\n\n<p>auto-questionnaire \u00e0 d\u00e9clarer chaque ann\u00e9e via l\u2019<a href=\"http:\/\/lexpol.cloud.pf\/LexpolAfficheTexte.php?texte=514056&amp;idr=1344&amp;np=1\">Arr\u00eat\u00e9 n\u00b0 200 CM du 15 f\u00e9vrier 2018<\/a><\/p>\n\n\n\n<p>Mod\u00e8les Certificat M\u00e9dical et Auto Questionnaire<\/p>\n\n\n\n<div class=\"wp-block-file\"><a href=\"https:\/\/punatri.com\/wp-content\/uploads\/2024\/03\/CM.pdf\">CM<\/a><a href=\"https:\/\/punatri.com\/wp-content\/uploads\/2024\/03\/CM.pdf\" class=\"wp-block-file__button\" download>T\u00e9l\u00e9charger<\/a><\/div>\n\n\n\n<div class=\"wp-block-file\"><a href=\"https:\/\/punatri.com\/wp-content\/uploads\/2024\/03\/AQ.pdf\">AQ<\/a><a href=\"https:\/\/punatri.com\/wp-content\/uploads\/2024\/03\/AQ.pdf\" class=\"wp-block-file__button\" download>T\u00e9l\u00e9charger<\/a><\/div>\n\n\n\n<p>RIB :17469 00024 20350790000 72<\/p>\n\n\n\n<p>IBAN :FR76 1746 9000 2420 3507 9000 072<\/p>\n\n\n\n<p>BIC :SOCBPFTXXXX <\/p>\n\n\n\n<div class=\"wp-block-file\"><a href=\"http:\/\/punatri.com\/wp-content\/uploads\/2024\/06\/Resultat-Swimrun-Vodafone-2024.xlsx\">Resultat-Swimrun-Vodafone-2024<\/a><a href=\"http:\/\/punatri.com\/wp-content\/uploads\/2024\/06\/Resultat-Swimrun-Vodafone-2024.xlsx\" class=\"wp-block-file__button\" download>T\u00e9l\u00e9charger<\/a><\/div>\n\n\n\n<div class=\"wp-block-file\"><a href=\"http:\/\/punatri.com\/wp-content\/uploads\/2024\/06\/Resultat-Aquathlon-Vodafone-2024.xlsx\">Resultat-Aquathlon-Vodafone-2024<\/a><a href=\"http:\/\/punatri.com\/wp-content\/uploads\/2024\/06\/Resultat-Aquathlon-Vodafone-2024.xlsx\" class=\"wp-block-file__button\" download>T\u00e9l\u00e9charger<\/a><\/div>\n\n\n\n<p><br>RENSEIGNEMENTS :<br>info@punatri.com ou 89-199224 <\/p>\n","protected":false},"excerpt":{"rendered":"<p>INSCRIPTION : le 29 mars 2024 \u00e0 sur njuko et Olympians Fare Utehttps:\/\/www.njuko.net\/voda-sr2024-de-punaauia R\u00e8glement de course mis \u00e0 jour le 31 mai 2024 : Pour les NON LICENCIES Triathlon : Un certificat m\u00e9dical attestant l\u2019absence de contre-indication \u00e0 la pratique des activit\u00e9s physiques et sportives. La dur\u00e9e de validit\u00e9 du certificat est de 3 ans [&hellip;]<\/p>\n","protected":false},"author":1,"featured_media":0,"parent":0,"menu_order":0,"comment_status":"closed","ping_status":"closed","template":"","meta":{"footnotes":""},"class_list":["post-682","page","type-page","status-publish","hentry"],"_links":{"self":[{"href":"https:\/\/punatri.com\/index.php\/wp-json\/wp\/v2\/pages\/682","targetHints":{"allow":["GET"]}}],"collection":[{"href":"https:\/\/punatri.com\/index.php\/wp-json\/wp\/v2\/pages"}],"about":[{"href":"https:\/\/punatri.com\/index.php\/wp-json\/wp\/v2\/types\/page"}],"author":[{"embeddable":true,"href":"https:\/\/punatri.com\/index.php\/wp-json\/wp\/v2\/users\/1"}],"replies":[{"embeddable":true,"href":"https:\/\/punatri.com\/index.php\/wp-json\/wp\/v2\/comments?post=682"}],"version-history":[{"count":11,"href":"https:\/\/punatri.com\/index.php\/wp-json\/wp\/v2\/pages\/682\/revisions"}],"predecessor-version":[{"id":716,"href":"https:\/\/punatri.com\/index.php\/wp-json\/wp\/v2\/pages\/682\/revisions\/716"}],"wp:attachment":[{"href":"https:\/\/punatri.com\/index.php\/wp-json\/wp\/v2\/media?parent=682"}],"curies":[{"name":"wp","href":"https:\/\/api.w.org\/{rel}","templated":true}]}}