{"id":442,"date":"2019-10-16T21:02:14","date_gmt":"2019-10-16T19:02:14","guid":{"rendered":"http:\/\/punatri.com\/?page_id=442"},"modified":"2024-08-29T19:56:11","modified_gmt":"2024-08-29T17:56:11","slug":"les-horaires","status":"publish","type":"page","link":"https:\/\/punatri.com\/index.php\/les-horaires\/","title":{"rendered":"Les horaires pr\u00e9visionnels 2024-2025"},"content":{"rendered":"\n<p><strong>Les horaires d\u2019entra\u00eenement  pour les enfants sont les suivants :<\/strong><br> Mardi et jeudi 16h15-17h15 : course \u00e0 pied au stade de la Punaruu (Thierry)<br> Mercredi apr\u00e8s midi  natation 15h30 en mer  Vaipoopoo ou autre  (Puatea)<br> Vendredi apr\u00e8s midi natation \u00e0 la piscine Taina horaires en fonction des niveaux en attente de la FTN<br> Samedi matin v\u00e9lo \u00e0 8h30 au parc Vairai ou 10h30 au v\u00e9lodrome en fonction des samedi  toanui, brieuc, et ou Yannick<br> Samedi  apr\u00e8s-midi 15h30 natation \u00e0 la piscine Taina. (En m\u00eame temps que les adultes) Puatea, <\/p>\n\n\n\n<figure class=\"wp-block-image\"><img loading=\"lazy\" decoding=\"async\" width=\"884\" height=\"246\" src=\"http:\/\/punatri.com\/wp-content\/uploads\/2024\/08\/7XTYkYt-.jpg\" alt=\"\" class=\"wp-image-736\" srcset=\"https:\/\/punatri.com\/wp-content\/uploads\/2024\/08\/7XTYkYt-.jpg 884w, https:\/\/punatri.com\/wp-content\/uploads\/2024\/08\/7XTYkYt--300x83.jpg 300w, https:\/\/punatri.com\/wp-content\/uploads\/2024\/08\/7XTYkYt--768x214.jpg 768w\" sizes=\"auto, (max-width: 884px) 100vw, 884px\" \/><\/figure>\n\n\n\n<p><br><strong> Les horaires d\u2019entra\u00eenement  pour les adultes sont les suivants :<\/strong><\/p>\n\n\n\n<p>Lundi v\u00e9lo \u00e0 17h15 \u00e0 Motu uta<br>\nMardi et jeudi 17h15 : course \u00e0 pied au stade de la Punaruu<br>\nMercredi apr\u00e8s midi  natation 16h30 en mer (en fonction de conditions sur Punaauia, Vaipoopoo ou Vairai le plus souvent)<br>\nVendredi apr\u00e8s midi natation \u00e0 la piscine Taina 18h<br>\nSamedi matin v\u00e9lo \u00e0 8h30 au parc Vairai ou 10h30 au v\u00e9lodrome en fonction des samedi<br>\nSamedi  apr\u00e8s-midi 15h30 natation  \u00e0 la piscine Taina. ( En m\u00eame temps que les enfants)<\/p>\n\n\n\n<figure class=\"wp-block-image\"><img loading=\"lazy\" decoding=\"async\" width=\"827\" height=\"295\" src=\"http:\/\/punatri.com\/wp-content\/uploads\/2024\/08\/qdT0mgpa.jpg\" alt=\"\" class=\"wp-image-737\" srcset=\"https:\/\/punatri.com\/wp-content\/uploads\/2024\/08\/qdT0mgpa.jpg 827w, https:\/\/punatri.com\/wp-content\/uploads\/2024\/08\/qdT0mgpa-300x107.jpg 300w, https:\/\/punatri.com\/wp-content\/uploads\/2024\/08\/qdT0mgpa-768x274.jpg 768w\" sizes=\"auto, (max-width: 827px) 100vw, 827px\" \/><\/figure>\n","protected":false},"excerpt":{"rendered":"<p>Les horaires d\u2019entra\u00eenement pour les enfants sont les suivants : Mardi et jeudi 16h15-17h15 : course \u00e0 pied au stade de la Punaruu (Thierry) Mercredi apr\u00e8s midi natation 15h30 en mer Vaipoopoo ou autre (Puatea) Vendredi apr\u00e8s midi natation \u00e0 la piscine Taina horaires en fonction des niveaux en attente de la FTN Samedi matin [&hellip;]<\/p>\n","protected":false},"author":1,"featured_media":0,"parent":0,"menu_order":0,"comment_status":"closed","ping_status":"closed","template":"","meta":{"footnotes":""},"class_list":["post-442","page","type-page","status-publish","hentry"],"_links":{"self":[{"href":"https:\/\/punatri.com\/index.php\/wp-json\/wp\/v2\/pages\/442","targetHints":{"allow":["GET"]}}],"collection":[{"href":"https:\/\/punatri.com\/index.php\/wp-json\/wp\/v2\/pages"}],"about":[{"href":"https:\/\/punatri.com\/index.php\/wp-json\/wp\/v2\/types\/page"}],"author":[{"embeddable":true,"href":"https:\/\/punatri.com\/index.php\/wp-json\/wp\/v2\/users\/1"}],"replies":[{"embeddable":true,"href":"https:\/\/punatri.com\/index.php\/wp-json\/wp\/v2\/comments?post=442"}],"version-history":[{"count":9,"href":"https:\/\/punatri.com\/index.php\/wp-json\/wp\/v2\/pages\/442\/revisions"}],"predecessor-version":[{"id":741,"href":"https:\/\/punatri.com\/index.php\/wp-json\/wp\/v2\/pages\/442\/revisions\/741"}],"wp:attachment":[{"href":"https:\/\/punatri.com\/index.php\/wp-json\/wp\/v2\/media?parent=442"}],"curies":[{"name":"wp","href":"https:\/\/api.w.org\/{rel}","templated":true}]}}