{"id":40,"date":"2019-06-19T00:27:44","date_gmt":"2019-06-18T22:27:44","guid":{"rendered":"http:\/\/punatri.com\/?page_id=40"},"modified":"2025-09-22T10:15:34","modified_gmt":"2025-09-22T08:15:34","slug":"le-bureau","status":"publish","type":"page","link":"https:\/\/punatri.com\/index.php\/le-bureau\/","title":{"rendered":"Le bureau 2025-2026"},"content":{"rendered":"\n<p>Ch\u00e8res triathl\u00e8tes, chers triathl\u00e8tes, Iaorana&nbsp;!<\/p>\n\n\n\n<p>Le bureau 2024 souhaite la bienvenue !!<\/p>\n\n\n\n<figure class=\"wp-block-image size-full\"><img loading=\"lazy\" decoding=\"async\" width=\"743\" height=\"726\" src=\"http:\/\/punatri.com\/wp-content\/uploads\/2025\/09\/Bureau-2025-2026-Photo.jpg\" alt=\"\" class=\"wp-image-986\" srcset=\"https:\/\/punatri.com\/wp-content\/uploads\/2025\/09\/Bureau-2025-2026-Photo.jpg 743w, https:\/\/punatri.com\/wp-content\/uploads\/2025\/09\/Bureau-2025-2026-Photo-300x293.jpg 300w\" sizes=\"auto, (max-width: 743px) 100vw, 743px\" \/><\/figure>\n\n\n\n<p>Nous mettons tout en \u0153uvre pour que les entra\u00eenements continuent dans la bonne humeur&nbsp;!<\/p>\n\n\n\n<p>Si vous avez des questions \u00e0 poser au bureau, vous pouvez nous contacter sur <a href=\"mailto:info@punatri.com\">info@punatri.com<\/a> ou 87 76 40 99 \/ 87 70 93 10<\/p>\n\n\n\n<p>A tr\u00e8s bient\u00f4t&nbsp;!<\/p>\n\n\n\n<p>Sportivement,<\/p>\n\n\n\n<figure class=\"wp-block-image\"><img loading=\"lazy\" decoding=\"async\" width=\"1024\" height=\"768\" src=\"http:\/\/punatri.com\/wp-content\/uploads\/2022\/08\/293998760_462573299206896_9072838626578456124_n-1024x768.jpg\" alt=\"\" class=\"wp-image-603\" srcset=\"https:\/\/punatri.com\/wp-content\/uploads\/2022\/08\/293998760_462573299206896_9072838626578456124_n.jpg 1024w, https:\/\/punatri.com\/wp-content\/uploads\/2022\/08\/293998760_462573299206896_9072838626578456124_n-300x225.jpg 300w, https:\/\/punatri.com\/wp-content\/uploads\/2022\/08\/293998760_462573299206896_9072838626578456124_n-768x576.jpg 768w\" sizes=\"auto, (max-width: 1024px) 100vw, 1024px\" \/><\/figure>\n","protected":false},"excerpt":{"rendered":"<p>Ch\u00e8res triathl\u00e8tes, chers triathl\u00e8tes, Iaorana&nbsp;! Le bureau 2024 souhaite la bienvenue !! Nous mettons tout en \u0153uvre pour que les entra\u00eenements continuent dans la bonne humeur&nbsp;! Si vous avez des questions \u00e0 poser au bureau, vous pouvez nous contacter sur info@punatri.com ou 87 76 40 99 \/ 87 70 93 10 A tr\u00e8s bient\u00f4t&nbsp;! Sportivement,<\/p>\n","protected":false},"author":1,"featured_media":0,"parent":0,"menu_order":0,"comment_status":"closed","ping_status":"closed","template":"","meta":{"footnotes":""},"class_list":["post-40","page","type-page","status-publish","hentry"],"_links":{"self":[{"href":"https:\/\/punatri.com\/index.php\/wp-json\/wp\/v2\/pages\/40","targetHints":{"allow":["GET"]}}],"collection":[{"href":"https:\/\/punatri.com\/index.php\/wp-json\/wp\/v2\/pages"}],"about":[{"href":"https:\/\/punatri.com\/index.php\/wp-json\/wp\/v2\/types\/page"}],"author":[{"embeddable":true,"href":"https:\/\/punatri.com\/index.php\/wp-json\/wp\/v2\/users\/1"}],"replies":[{"embeddable":true,"href":"https:\/\/punatri.com\/index.php\/wp-json\/wp\/v2\/comments?post=40"}],"version-history":[{"count":16,"href":"https:\/\/punatri.com\/index.php\/wp-json\/wp\/v2\/pages\/40\/revisions"}],"predecessor-version":[{"id":988,"href":"https:\/\/punatri.com\/index.php\/wp-json\/wp\/v2\/pages\/40\/revisions\/988"}],"wp:attachment":[{"href":"https:\/\/punatri.com\/index.php\/wp-json\/wp\/v2\/media?parent=40"}],"curies":[{"name":"wp","href":"https:\/\/api.w.org\/{rel}","templated":true}]}}