{"id":225,"date":"2019-09-06T02:58:27","date_gmt":"2019-09-06T00:58:27","guid":{"rendered":"http:\/\/punatri.com\/?page_id=225"},"modified":"2019-09-06T03:17:44","modified_gmt":"2019-09-06T01:17:44","slug":"la-passeport-du-petit-triathlete","status":"publish","type":"page","link":"https:\/\/punatri.com\/index.php\/la-passeport-du-petit-triathlete\/","title":{"rendered":"Le passeport du petit triathl\u00e8te"},"content":{"rendered":"\n<p>Les 8 niveaux du triathl\u00e8te BLANC \u00e0 OR permettent de valider la progression des enfants. A partir d&rsquo;un r\u00e9f\u00e9rentiel de comp\u00e9tences, l&rsquo;\u00e9ducateur certifie les acquisitions techniques du jeune triathl\u00e8te \u00e0 diff\u00e9rents moments de sa formation.<\/p>\n\n\n\n<p>Dans certains cas, la certification est compl\u00e9t\u00e9e par la passation de tests ( parcours d&rsquo;habilet\u00e9s, exercices techniques, exercices de r\u00e9gularit\u00e9 d&rsquo;allure, questionnaires li\u00e9s \u00e0 la connaissance de l&rsquo;activit\u00e9) permettant d&rsquo;objectiver l&rsquo;\u00e9valuation.<\/p>\n\n\n\n<p>Qui peut passer les niveaux ?<\/p>\n\n\n\n<p>En priorit\u00e9 les licenci\u00e9s F.T.TRI des cat\u00e9gories Mini-poussin \u00e0 Benjamin (6 \u00e0 13 ans). Le passage des niveaux de certifiation peut toutefois s&rsquo;adresser aux licenci\u00e9s des cat\u00e9gories Minimes \u00e0 Junior.<\/p>\n\n\n\n<p>Qui valide les niveaux ?<\/p>\n\n\n\n<p>Un cadre dipl\u00f4m\u00e9 Initiateur F\u00e9d\u00e9ral BF5 au minimum. Pour valider un niveau, l&rsquo;enfant doit avoit acquis toutes les comp\u00e9tences identifi\u00e9es<\/p>\n\n\n\n<p>Le passeport peut \u00eatre rempli tout au long de l&rsquo;ann\u00e9e en fonction de l&rsquo;\u00e9volution des comp\u00e9tences de l&rsquo;enfant.<\/p>\n\n\n\n<figure class=\"wp-block-image\"><img loading=\"lazy\" decoding=\"async\" width=\"1024\" height=\"735\" src=\"http:\/\/punatri.com\/wp-content\/uploads\/2019\/09\/triathletes_explications-1024x735.png\" alt=\"\" class=\"wp-image-235\" srcset=\"https:\/\/punatri.com\/wp-content\/uploads\/2019\/09\/triathletes_explications-1024x735.png 1024w, https:\/\/punatri.com\/wp-content\/uploads\/2019\/09\/triathletes_explications-300x215.png 300w, https:\/\/punatri.com\/wp-content\/uploads\/2019\/09\/triathletes_explications-768x552.png 768w, https:\/\/punatri.com\/wp-content\/uploads\/2019\/09\/triathletes_explications.png 1146w\" sizes=\"auto, (max-width: 1024px) 100vw, 1024px\" \/><\/figure>\n","protected":false},"excerpt":{"rendered":"<p>Les 8 niveaux du triathl\u00e8te BLANC \u00e0 OR permettent de valider la progression des enfants. A partir d&rsquo;un r\u00e9f\u00e9rentiel de comp\u00e9tences, l&rsquo;\u00e9ducateur certifie les acquisitions techniques du jeune triathl\u00e8te \u00e0 diff\u00e9rents moments de sa formation. Dans certains cas, la certification est compl\u00e9t\u00e9e par la passation de tests ( parcours d&rsquo;habilet\u00e9s, exercices techniques, exercices de r\u00e9gularit\u00e9 [&hellip;]<\/p>\n","protected":false},"author":1,"featured_media":0,"parent":0,"menu_order":0,"comment_status":"closed","ping_status":"closed","template":"","meta":{"footnotes":""},"class_list":["post-225","page","type-page","status-publish","hentry"],"_links":{"self":[{"href":"https:\/\/punatri.com\/index.php\/wp-json\/wp\/v2\/pages\/225","targetHints":{"allow":["GET"]}}],"collection":[{"href":"https:\/\/punatri.com\/index.php\/wp-json\/wp\/v2\/pages"}],"about":[{"href":"https:\/\/punatri.com\/index.php\/wp-json\/wp\/v2\/types\/page"}],"author":[{"embeddable":true,"href":"https:\/\/punatri.com\/index.php\/wp-json\/wp\/v2\/users\/1"}],"replies":[{"embeddable":true,"href":"https:\/\/punatri.com\/index.php\/wp-json\/wp\/v2\/comments?post=225"}],"version-history":[{"count":3,"href":"https:\/\/punatri.com\/index.php\/wp-json\/wp\/v2\/pages\/225\/revisions"}],"predecessor-version":[{"id":242,"href":"https:\/\/punatri.com\/index.php\/wp-json\/wp\/v2\/pages\/225\/revisions\/242"}],"wp:attachment":[{"href":"https:\/\/punatri.com\/index.php\/wp-json\/wp\/v2\/media?parent=225"}],"curies":[{"name":"wp","href":"https:\/\/api.w.org\/{rel}","templated":true}]}}