{"id":18,"date":"2019-06-18T23:15:31","date_gmt":"2019-06-18T21:15:31","guid":{"rendered":"http:\/\/punatri.com\/?page_id=18"},"modified":"2025-09-02T21:56:47","modified_gmt":"2025-09-02T19:56:47","slug":"inscriptions","status":"publish","type":"page","link":"https:\/\/punatri.com\/","title":{"rendered":"INSCRIPTION 2025\/2026"},"content":{"rendered":"\n<p class=\"has-medium-font-size\"><strong>Choisis de t&rsquo;inscrire \u00e0 PUNARUU TRIATHLON <\/strong><\/p>\n\n\n\n<p>Bienvenu au Club Punatri !<\/p>\n\n\n\n<p>La saison des inscriptions est cal\u00e9e sur l&rsquo;ann\u00e9e scolaire et va du 20 aout environ au 30 juin, tu peux t&rsquo;inscrire \u00e0 n&rsquo;importe quel moment de l&rsquo;ann\u00e9e.<\/p>\n\n\n\n<p>N&rsquo;h\u00e9site pas \u00e0 nous contacter pour les infos : <\/p>\n\n\n\n<p class=\"has-vivid-cyan-blue-color has-text-color has-link-color wp-elements-e2ba144e75200b44031569477661d537\">par mail : info@punatri.com \/ Par fb : <a href=\"https:\/\/www.facebook.com\/punatriathlon\">https:\/\/www.facebook.com\/punatriathlon<\/a><\/p>\n\n\n\n<p class=\"has-vivid-cyan-blue-color has-text-color has-link-color wp-elements-a3f2b58eacef7b2a6e3780fc30d996e9\">par t\u00e9l\u00e9phone ou whatapp Julie 87764099 ou Magali 87709310 <\/p>\n\n\n\n<hr class=\"wp-block-separator has-alpha-channel-opacity\"\/>\n\n\n\n<p class=\"has-luminous-vivid-orange-color has-text-color has-link-color has-medium-font-size wp-elements-5c0930077d525cb4b90b90d7816cdfec\"><strong>Pour s&rsquo;inscrire tu as plusieurs formules au choix et des documents et inscriptions \u00e0 <\/strong>remplir<\/p>\n\n\n\n<p class=\"has-vivid-green-cyan-color has-text-color has-link-color wp-elements-ba4b62537d838ad3ebf5bee71977374a\" style=\"font-size:14px\">1\u00b0) <strong>Envoyer la fiche d&rsquo;inscriptions (Les Nouvelles Fiches sont t\u00e9l\u00e9chargeable ci-dessous, tarif sur la fiche)<\/strong><\/p>\n\n\n\n<div class=\"wp-block-buttons is-content-justification-left is-layout-flex wp-container-core-buttons-is-layout-fdcfc74e wp-block-buttons-is-layout-flex\">\n<div class=\"wp-block-button is-style-fill\"><a class=\"wp-block-button__link has-small-font-size has-custom-font-size wp-element-button\" href=\"http:\/\/punatri.com\/wp-content\/uploads\/2025\/08\/FichesInscriptionAdultes2025-26.pdf\">T\u00e9l\u00e9charger la fiche ADULTE<\/a><\/div>\n\n\n\n<div class=\"wp-block-button is-style-fill\"><a class=\"wp-block-button__link has-small-font-size has-custom-font-size wp-element-button\" href=\"http:\/\/punatri.com\/wp-content\/uploads\/2025\/08\/FichesInscriptionEnfant-Jeunes-2025-26.pdf\">T\u00e9l\u00e9charger la fiche ENFANT<\/a><\/div>\n<\/div>\n\n\n\n<div style=\"height:30px\" aria-hidden=\"true\" class=\"wp-block-spacer\"><\/div>\n\n\n\n<p class=\"has-vivid-green-cyan-color has-text-color has-link-color wp-elements-1203206c5dc8d1a32ef4093d9cc69c61\" style=\"font-size:14px\">2\u00b0) <strong>Joindre un CM r\u00e9cent avec la mention \u00ab\u00a0Pratique du triathlon en comp\u00e9titions\u00a0\u00bb (Voir mod\u00e8le \u00e0 t\u00e9l\u00e9charger)<\/strong><\/p>\n\n\n\n<ul class=\"wp-block-list\">\n<li class=\"has-cyan-bluish-gray-color has-text-color has-link-color wp-elements-42c6b576b00a6fecc5aece57a3b5704d\" style=\"font-size:14px\"><strong>OU un auto-questionnaire pour les athl\u00e8tes d\u00e9j\u00e0 inscrit l&rsquo;ann\u00e9e derni\u00e8re dont le cm est valable 3 ans.<\/strong><\/li>\n<\/ul>\n\n\n\n<div style=\"height:18px\" aria-hidden=\"true\" class=\"wp-block-spacer\"><\/div>\n\n\n\n<div class=\"wp-block-file alignleft\"><a href=\"http:\/\/punatri.com\/wp-content\/uploads\/2021\/10\/Mod\u00e8le-CM.pdf\">Mod\u00e8le CM<\/a><a href=\"http:\/\/punatri.com\/wp-content\/uploads\/2021\/10\/Mod\u00e8le-CM.pdf\" class=\"wp-block-file__button wp-element-button\" download>T\u00e9l\u00e9charger<\/a><\/div>\n\n\n\n<div style=\"height:28px\" aria-hidden=\"true\" class=\"wp-block-spacer\"><\/div>\n\n\n\n<div class=\"wp-block-file alignleft\"><a href=\"http:\/\/punatri.com\/wp-content\/uploads\/2020\/09\/1-Autoquestionnaire.pdf\">1-Autoquestionnaire<\/a><a href=\"http:\/\/punatri.com\/wp-content\/uploads\/2020\/09\/1-Autoquestionnaire.pdf\" class=\"wp-block-file__button wp-element-button\" download>T\u00e9l\u00e9charger<\/a><\/div>\n\n\n\n<div style=\"height:25px\" aria-hidden=\"true\" class=\"wp-block-spacer\"><\/div>\n\n\n\n<p class=\"has-vivid-green-cyan-color has-text-color has-link-color wp-elements-a69d1c24bce1a15b55abf9b4052b3c6c\" style=\"font-size:14px\">3\u00b0) <strong>Effectuer un paiement pour ton adh\u00e9sion (Payable en 3 fois minimum \u00e0 partir de l&rsquo;inscription uniquement en virement)<\/strong><\/p>\n\n\n\n<div style=\"height:18px\" aria-hidden=\"true\" class=\"wp-block-spacer\"><\/div>\n\n\n\n<div class=\"wp-block-file alignleft\"><a href=\"http:\/\/punatri.com\/wp-content\/uploads\/2021\/08\/RIB-section-Triathlon.pdf\">RIB-section-Triathlon<\/a><a href=\"http:\/\/punatri.com\/wp-content\/uploads\/2021\/08\/RIB-section-Triathlon.pdf\" class=\"wp-block-file__button wp-element-button\" download>T\u00e9l\u00e9charger<\/a><\/div>\n\n\n\n<div style=\"height:18px\" aria-hidden=\"true\" class=\"wp-block-spacer\"><\/div>\n\n\n\n<p class=\"has-vivid-green-cyan-color has-text-color has-link-color wp-elements-9e03b375084570b977b41b59894d2afb\" style=\"font-size:15px\">4\u00b0) <strong>Faire ta demande de licence aupr\u00e8s de la F\u00e9d\u00e9ration de Triathlon de Tahiti<\/strong> que nous validons quand le dossier est complet<\/p>\n\n\n\n<p class=\"has-cyan-bluish-gray-color has-text-color has-link-color has-small-font-size wp-elements-7cc05c047b22cb527877c24ec3b4bb15\">NOUVEAUTE : Afin d&rsquo;anticiper l&rsquo;afflux de licence dans les club \u00e0 la rentr\u00e9e, la Fttri \u00e0 mis en plage le module&nbsp;<strong>\u00ab\u00a0Pr\u00e9-inscription\u00a0\u00bb<\/strong>&nbsp;sous&nbsp;&nbsp;<a href=\"https:\/\/eye.infos.fftri.com\/c?p=wAbNCBvDxBDt0NvQvhkoC0wN0LzpWCkxdDjQpcQQINCR0L5mFV5FDdCP0KjQvdCaIdDIImO8aHR0cHM6Ly9lc3BhY2V0cmkuZmZ0cmkuY29tL7g2NTc3MzBlNTdlNzE1ODc4NmNkMjgzZmHZJGMwMzZmMTliLWJiODctNGU1ZS1iOWRlLTQ1Mzg4NzYyMDQwMMC2RWFpdFVRdkRUdWVpTVdXbGdsdk5UQbNleWUuaW5mb3MuZmZ0cmkuY29txBTQ2h8hZtCA0L9o0NPQ29C2XScE0KxX0Kh6TNDUfg\" target=\"_blank\" rel=\"noreferrer noopener\">Espace Tri&nbsp;<\/a>, Ce&nbsp;module&nbsp;permet&nbsp;aux&nbsp;<strong>futurs licenci\u00e9s (nouveaux ou d\u00e9j\u00e0 licenci\u00e9s en 2025)&nbsp;<\/strong>qui souhaiteraient rejoindre un club \u00e0 la rentr\u00e9e d<strong>&lsquo;identifier une structure ou de confirmer leur futur inscription<\/strong>.<\/p>\n\n\n\n<p class=\"has-cyan-bluish-gray-color has-text-color has-link-color has-small-font-size wp-elements-791cfd3c4e04f35a985da1f9dd594b2e\">Le lien est directement disponible ci-dessous :&nbsp;<br><a href=\"https:\/\/eye.infos.fftri.com\/c?p=wAbNCBvDxBDt0NvQvhkoC0wN0LzpWCkxdDjQpcQQ0Iz_71bQzV9NYtC-0NnQl9CI0M1VN9CQ2TpodHRwczovL2VzcGFjZXRyaS5mZnRyaS5jb20vdXNlcnMvbGljZW5zZS9wcmUtcmVnaXN0cmF0aW9uuDY1NzczMGU1N2U3MTU4Nzg2Y2QyODNmYdkkYzAzNmYxOWItYmI4Ny00ZTVlLWI5ZGUtNDUzODg3NjIwNDAwwLZFYWl0VVF2RFR1ZWlNV1dsZ2x2TlRBs2V5ZS5pbmZvcy5mZnRyaS5jb23EFNDaHyFm0IDQv2jQ09Db0LZdJwTQrFfQqHpM0NR-\" target=\"_blank\" rel=\"noreferrer noopener\">https:\/\/espacetri.fftri.com\/ users\/license\/pre-registration<\/a><\/p>\n\n\n\n<div class=\"wp-block-file alignleft\"><a href=\"http:\/\/punatri.com\/wp-content\/uploads\/2019\/08\/ESPACE-TRI-2.0-proc\u00e9dure.pdf\">ESPACE-TRI-2.0-proc\u00e9dure<\/a><a href=\"http:\/\/punatri.com\/wp-content\/uploads\/2019\/08\/ESPACE-TRI-2.0-proc\u00e9dure.pdf\" class=\"wp-block-file__button wp-element-button\" download>T\u00e9l\u00e9charger<\/a><\/div>\n\n\n\n<div style=\"height:54px\" aria-hidden=\"true\" class=\"wp-block-spacer\"><\/div>\n\n\n\n<p class=\"has-luminous-vivid-orange-color has-text-color has-link-color has-medium-font-size wp-elements-7ac2c4fec871d4861906cc4529bcce7e\"><strong>LES PLANNINGS DES ENTRAINEMENTS <\/strong> <\/p>\n\n\n\n<p>ATTENTION : Les lieux sont susceptibles de changer en fonction des travaux de r\u00e9novation des cites sportifs pour les Jeux du Pacifique. Nous en serons plus prochainement.<\/p>\n\n\n\n<div style=\"height:23px\" aria-hidden=\"true\" class=\"wp-block-spacer\"><\/div>\n\n\n\n<p class=\"has-cyan-bluish-gray-color has-text-color has-link-color has-small-font-size wp-elements-b7f3f5cd6bbe2d9c377d42400459d6dd\"><strong>Pour les enfants les entrainements se font hors vacances scolaires, pour les adultes c&rsquo;est toute la saison (Pose de mi-juillet \u00e0 fin aout).<\/strong><\/p>\n\n\n\n<div style=\"height:20px\" aria-hidden=\"true\" class=\"wp-block-spacer\"><\/div>\n\n\n\n<figure class=\"wp-block-image size-large is-resized\"><img decoding=\"async\" src=\"http:\/\/punatri.com\/wp-content\/uploads\/2025\/09\/PlanningPunatri-020925.jpg\" alt=\"\" style=\"width:806px;height:auto\"\/><\/figure>\n\n\n\n<hr class=\"wp-block-separator has-alpha-channel-opacity\"\/>\n\n\n\n<p><\/p>\n","protected":false},"excerpt":{"rendered":"<p>Choisis de t&rsquo;inscrire \u00e0 PUNARUU TRIATHLON Bienvenu au Club Punatri ! La saison des inscriptions est cal\u00e9e sur l&rsquo;ann\u00e9e scolaire et va du 20 aout environ au 30 juin, tu peux t&rsquo;inscrire \u00e0 n&rsquo;importe quel moment de l&rsquo;ann\u00e9e. N&rsquo;h\u00e9site pas \u00e0 nous contacter pour les infos : par mail : info@punatri.com \/ Par fb : [&hellip;]<\/p>\n","protected":false},"author":1,"featured_media":0,"parent":0,"menu_order":0,"comment_status":"closed","ping_status":"closed","template":"","meta":{"footnotes":""},"class_list":["post-18","page","type-page","status-publish","hentry"],"_links":{"self":[{"href":"https:\/\/punatri.com\/index.php\/wp-json\/wp\/v2\/pages\/18","targetHints":{"allow":["GET"]}}],"collection":[{"href":"https:\/\/punatri.com\/index.php\/wp-json\/wp\/v2\/pages"}],"about":[{"href":"https:\/\/punatri.com\/index.php\/wp-json\/wp\/v2\/types\/page"}],"author":[{"embeddable":true,"href":"https:\/\/punatri.com\/index.php\/wp-json\/wp\/v2\/users\/1"}],"replies":[{"embeddable":true,"href":"https:\/\/punatri.com\/index.php\/wp-json\/wp\/v2\/comments?post=18"}],"version-history":[{"count":77,"href":"https:\/\/punatri.com\/index.php\/wp-json\/wp\/v2\/pages\/18\/revisions"}],"predecessor-version":[{"id":966,"href":"https:\/\/punatri.com\/index.php\/wp-json\/wp\/v2\/pages\/18\/revisions\/966"}],"wp:attachment":[{"href":"https:\/\/punatri.com\/index.php\/wp-json\/wp\/v2\/media?parent=18"}],"curies":[{"name":"wp","href":"https:\/\/api.w.org\/{rel}","templated":true}]}}